{"id":11030,"date":"2024-03-16T22:10:24","date_gmt":"2024-03-16T14:10:24","guid":{"rendered":"https:\/\/www.szlogic.net\/?page_id=11030"},"modified":"2026-03-15T14:09:28","modified_gmt":"2026-03-15T06:09:28","slug":"samil-program-development","status":"publish","type":"page","link":"https:\/\/www.szlogic.net\/fr\/samil-program-development\/","title":{"rendered":"D\u00e9veloppement de mini-programmes"},"content":{"rendered":"<div data-elementor-type=\"wp-page\" data-elementor-id=\"11030\" class=\"elementor elementor-11030\" data-elementor-post-type=\"page\">\n\t\t\t\t<div class=\"elementor-element elementor-element-56a7e1db e-flex e-con-boxed e-con e-parent\" data-id=\"56a7e1db\" data-element_type=\"container\">\n\t\t\t\t\t<div class=\"e-con-inner\">\n\t\t\t\t<div class=\"elementor-element elementor-element-4556b7fe elementor-widget__width-initial elementor--v-position-top elementor-arrows-position-inside elementor-pagination-position-inside elementor-widget elementor-widget-slides\" data-id=\"4556b7fe\" data-element_type=\"widget\" data-settings=\"{&quot;navigation&quot;:&quot;both&quot;,&quot;transition&quot;:&quot;slide&quot;,&quot;transition_speed&quot;:500}\" data-widget_type=\"slides.default\">\n\t\t\t\t<div class=\"elementor-widget-container\">\n\t\t\t\t\t\t\t\t\t<div class=\"elementor-swiper\">\n\t\t\t\t\t<div class=\"elementor-slides-wrapper elementor-main-swiper swiper\" role=\"region\" aria-roledescription=\"carousel\" aria-label=\"Slides\" dir=\"ltr\" data-animation=\"fadeInUp\">\n\t\t\t\t<div class=\"swiper-wrapper elementor-slides\">\n\t\t\t\t\t\t\t\t\t\t<div class=\"elementor-repeater-item-df95e4c swiper-slide\" role=\"group\" aria-roledescription=\"slide\"><div class=\"swiper-slide-bg\" role=\"img\"><\/div><div class=\"swiper-slide-inner\" ><div class=\"swiper-slide-contents\"><h1 class=\"elementor-slide-heading\">D\u00e9veloppement de mini-programmes pour sites WordPress<\/h1><p class=\"elementor-slide-description\">WordPress Applet development\n\n<br\/><br\/><br\/>\nLogiciel SZLOGIC offre un d\u00e9veloppement professionnel de sites WordPress et de mini-programmes WeChat et Baidu, facilitant l\u2019int\u00e9gration au r\u00e9seau local. Le d\u00e9veloppement dure 15 \u00e0 30 jours, le co\u00fbt varie selon les besoins. Gr\u00e2ce \u00e0 l\u2019int\u00e9gration de l\u2019API REST officielle de WordPress, les mini-programmes se synchronisent en temps r\u00e9el avec le site, assurant une extension fonctionnelle. Cette solution am\u00e9liore l\u2019exp\u00e9rience utilisateur et \u00e9tend significativement votre port\u00e9e commerciale.\n<br\/><br\/>\nSoumettez votre demande, laissez SZLOGIC vous aider \u00e0 lancer rapidement un mini-programme de qualit\u00e9, assurant une int\u00e9gration fluide avec votre site WordPress.<\/p><div  class=\"elementor-button elementor-slide-button elementor-size-sm\"><span class=\"elementor-button-link1\">Contactez-nous<\/span><\/div><\/div><\/div><\/div>\t\t\t\t<\/div>\n\t\t\t\t\t\t\t<\/div>\n\t\t\t\t<\/div>\n\t\t\t\t\t\t\t\t<\/div>\n\t\t\t\t<\/div>\n\t\t<div class=\"elementor-element elementor-element-663a497b e-con-full e-flex e-con e-child\" data-id=\"663a497b\" data-element_type=\"container\">\n\t\t\t\t<\/div>\n\t\t\t\t\t<\/div>\n\t\t\t\t<\/div>\n\t\t<div class=\"elementor-element elementor-element-594217c6 e-con-full e-flex e-con e-child\" data-id=\"594217c6\" data-element_type=\"container\">\n\t\t\t\t<div class=\"elementor-element elementor-element-7488c927 elementor-widget elementor-widget-spacer\" data-id=\"7488c927\" data-element_type=\"widget\" data-widget_type=\"spacer.default\">\n\t\t\t\t<div class=\"elementor-widget-container\">\n\t\t\t\t\t\t\t<div class=\"elementor-spacer\">\n\t\t\t<div class=\"elementor-spacer-inner\"><\/div>\n\t\t<\/div>\n\t\t\t\t\t\t<\/div>\n\t\t\t\t<\/div>\n\t\t\t\t<div class=\"elementor-element elementor-element-659ed9 elementor-widget elementor-widget-heading\" data-id=\"659ed9\" data-element_type=\"widget\" data-widget_type=\"heading.default\">\n\t\t\t\t<div class=\"elementor-widget-container\">\n\t\t\t\t\t<h2 class=\"elementor-heading-title elementor-size-default\">D\u00e9veloppement de mini-programmes<\/h2>\t\t\t\t<\/div>\n\t\t\t\t<\/div>\n\t\t\t\t<div class=\"elementor-element elementor-element-695004f8 elementor-widget__width-initial elementor-widget elementor-widget-heading\" data-id=\"695004f8\" data-element_type=\"widget\" data-widget_type=\"heading.default\">\n\t\t\t\t<div class=\"elementor-widget-container\">\n\t\t\t\t\t<p class=\"elementor-heading-title elementor-size-default\">Applet development<\/p>\t\t\t\t<\/div>\n\t\t\t\t<\/div>\n\t\t\t\t<\/div>\n\t\t<div class=\"elementor-element elementor-element-06ee288 e-flex e-con-boxed e-con e-parent\" data-id=\"06ee288\" data-element_type=\"container\">\n\t\t\t\t\t<div class=\"e-con-inner\">\n\t\t<div class=\"elementor-element elementor-element-8486f3f e-con-full e-flex e-con e-child\" data-id=\"8486f3f\" data-element_type=\"container\">\n\t\t\t\t<div class=\"elementor-element elementor-element-fab7950 elementor-widget elementor-widget-image\" data-id=\"fab7950\" data-element_type=\"widget\" data-widget_type=\"image.default\">\n\t\t\t\t<div class=\"elementor-widget-container\">\n\t\t\t\t\t\t\t\t\t\t\t\t\t\t\t<img fetchpriority=\"high\" decoding=\"async\" width=\"360\" height=\"361\" src=\"https:\/\/www.szlogic.net\/wp-content\/uploads\/2024\/08\/cx1.png\" class=\"attachment-large size-large wp-image-14543\" alt=\"wordpress\u5fae\u4fe1\u5c0f\u7a0b\u5e8f\u5f00\u53d1\" \/>\t\t\t\t\t\t\t\t\t\t\t\t\t\t\t<\/div>\n\t\t\t\t<\/div>\n\t\t\t\t<div class=\"elementor-element elementor-element-e9a1b19 elementor-widget elementor-widget-heading\" data-id=\"e9a1b19\" data-element_type=\"widget\" data-widget_type=\"heading.default\">\n\t\t\t\t<div class=\"elementor-widget-container\">\n\t\t\t\t\t<h3 class=\"elementor-heading-title elementor-size-default\">Mini-programmes WeChat<\/h3>\t\t\t\t<\/div>\n\t\t\t\t<\/div>\n\t\t\t\t<\/div>\n\t\t<div class=\"elementor-element elementor-element-7e264e3 e-con-full e-flex e-con e-child\" data-id=\"7e264e3\" data-element_type=\"container\">\n\t\t\t\t<div class=\"elementor-element elementor-element-570fbc3 elementor-widget elementor-widget-image\" data-id=\"570fbc3\" data-element_type=\"widget\" data-widget_type=\"image.default\">\n\t\t\t\t<div class=\"elementor-widget-container\">\n\t\t\t\t\t\t\t\t\t\t\t\t\t\t\t<img decoding=\"async\" width=\"180\" height=\"180\" src=\"https:\/\/www.szlogic.net\/wp-content\/uploads\/2024\/10\/\u767e\u5ea6\u5c0f\u7a0b\u5e8f\u5f00\u53d1.png\" class=\"attachment-large size-large wp-image-18674\" alt=\"wordpress\u767e\u5ea6\u5c0f\u7a0b\u5e8f\u5f00\u53d1\" \/>\t\t\t\t\t\t\t\t\t\t\t\t\t\t\t<\/div>\n\t\t\t\t<\/div>\n\t\t\t\t<div class=\"elementor-element elementor-element-d5a357f elementor-widget elementor-widget-heading\" data-id=\"d5a357f\" data-element_type=\"widget\" data-widget_type=\"heading.default\">\n\t\t\t\t<div class=\"elementor-widget-container\">\n\t\t\t\t\t<h3 class=\"elementor-heading-title elementor-size-default\">Mini-programmes Baidu<\/h3>\t\t\t\t<\/div>\n\t\t\t\t<\/div>\n\t\t\t\t<\/div>\n\t\t\t\t\t<\/div>\n\t\t\t\t<\/div>\n\t\t<div class=\"elementor-element elementor-element-54ef314 e-flex e-con-boxed e-con e-parent\" data-id=\"54ef314\" data-element_type=\"container\">\n\t\t\t\t\t<div class=\"e-con-inner\">\n\t\t\t\t<div class=\"elementor-element elementor-element-b3fcd5a elementor-widget elementor-widget-heading\" data-id=\"b3fcd5a\" data-element_type=\"widget\" data-widget_type=\"heading.default\">\n\t\t\t\t<div class=\"elementor-widget-container\">\n\t\t\t\t\t<p class=\"elementor-heading-title elementor-size-default\">D\u00e9veloppement multisectoriel WeChat &amp; Baidu<\/p>\t\t\t\t<\/div>\n\t\t\t\t<\/div>\n\t\t\t\t<div class=\"elementor-element elementor-element-8306715 elementor-widget elementor-widget-text-editor\" data-id=\"8306715\" data-element_type=\"widget\" data-widget_type=\"text-editor.default\">\n\t\t\t\t<div class=\"elementor-widget-container\">\n\t\t\t\t\t\t\t\t\t<p><span style=\"color: #ffffff;\">Dur\u00e9e de d\u00e9veloppement :<span style=\"color: #40beed;\">15 \u00e0 30 jours<\/span><\/span><\/p><p><span style=\"color: #ffffff;\">Tarification :<span style=\"color: #40beed;\">Tarif selon besoins de d\u00e9veloppement<\/span><\/span><\/p>\t\t\t\t\t\t\t\t<\/div>\n\t\t\t\t<\/div>\n\t\t\t\t<div class=\"elementor-element elementor-element-64c49d0 elementor-widget-mobile__width-initial elementor-align-center elementor-widget__width-initial elementor-button-link1 elementor-widget elementor-widget-button\" data-id=\"64c49d0\" data-element_type=\"widget\" data-widget_type=\"button.default\">\n\t\t\t\t<div class=\"elementor-widget-container\">\n\t\t\t\t\t\t\t\t\t<div class=\"elementor-button-wrapper\">\n\t\t\t\t\t<a class=\"elementor-button elementor-size-sm\" role=\"button\">\n\t\t\t\t\t\t<span class=\"elementor-button-content-wrapper\">\n\t\t\t\t\t\t\t\t\t<span class=\"elementor-button-text\">Contactez-nous<\/span>\n\t\t\t\t\t<\/span>\n\t\t\t\t\t<\/a>\n\t\t\t\t<\/div>\n\t\t\t\t\t\t\t\t<\/div>\n\t\t\t\t<\/div>\n\t\t\t\t\t<\/div>\n\t\t\t\t<\/div>\n\t\t<div class=\"elementor-element elementor-element-285fdb9d e-con-full e-flex e-con e-parent\" data-id=\"285fdb9d\" data-element_type=\"container\" data-settings=\"{&quot;background_background&quot;:&quot;classic&quot;}\">\n\t\t<div class=\"elementor-element elementor-element-3a1081c9 e-con-full elementor-hidden-desktop elementor-hidden-widescreen elementor-hidden-laptop e-flex e-con e-child\" data-id=\"3a1081c9\" data-element_type=\"container\">\n\t\t\t\t<div class=\"elementor-element elementor-element-799e29e2 elementor-widget elementor-widget-image\" data-id=\"799e29e2\" data-element_type=\"widget\" data-widget_type=\"image.default\">\n\t\t\t\t<div class=\"elementor-widget-container\">\n\t\t\t\t\t\t\t\t\t\t\t\t\t\t\t<img decoding=\"async\" width=\"106\" height=\"106\" src=\"https:\/\/www.szlogic.net\/wp-content\/uploads\/2024\/09\/logo.png\" class=\"attachment-large size-large wp-image-14821\" alt=\"\u903b\u8f91\u601d\u79d1\u6280\" \/>\t\t\t\t\t\t\t\t\t\t\t\t\t\t\t<\/div>\n\t\t\t\t<\/div>\n\t\t\t\t<div class=\"elementor-element elementor-element-7e08d31d elementor-widget elementor-widget-heading\" data-id=\"7e08d31d\" data-element_type=\"widget\" data-widget_type=\"heading.default\">\n\t\t\t\t<div class=\"elementor-widget-container\">\n\t\t\t\t\t<h2 class=\"elementor-heading-title elementor-size-default\">Contactez-nous<\/h2>\t\t\t\t<\/div>\n\t\t\t\t<\/div>\n\t\t\t\t<\/div>\n\t\t\t\t<div class=\"elementor-element elementor-element-59c89443 elementor-widget__width-initial elementor-hidden-desktop elementor-hidden-widescreen elementor-hidden-laptop elementor-widget elementor-widget-heading\" data-id=\"59c89443\" data-element_type=\"widget\" data-widget_type=\"heading.default\">\n\t\t\t\t<div class=\"elementor-widget-container\">\n\t\t\t\t\t<p class=\"elementor-heading-title elementor-size-default\">Contact Us<\/p>\t\t\t\t<\/div>\n\t\t\t\t<\/div>\n\t\t\t\t<div class=\"elementor-element elementor-element-326d0cc6 elementor-hidden-tablet elementor-hidden-mobile elementor-widget elementor-widget-heading\" data-id=\"326d0cc6\" data-element_type=\"widget\" data-widget_type=\"heading.default\">\n\t\t\t\t<div class=\"elementor-widget-container\">\n\t\t\t\t\t<h2 class=\"elementor-heading-title elementor-size-default\">Contactez-nous<\/h2>\t\t\t\t<\/div>\n\t\t\t\t<\/div>\n\t\t\t\t<div class=\"elementor-element elementor-element-4d061686 elementor-widget__width-initial elementor-hidden-tablet elementor-hidden-mobile elementor-widget elementor-widget-heading\" data-id=\"4d061686\" data-element_type=\"widget\" data-widget_type=\"heading.default\">\n\t\t\t\t<div class=\"elementor-widget-container\">\n\t\t\t\t\t<p class=\"elementor-heading-title elementor-size-default\">Contact Us<\/p>\t\t\t\t<\/div>\n\t\t\t\t<\/div>\n\t\t<div class=\"elementor-element elementor-element-53685779 e-con-full e-flex e-con e-child\" data-id=\"53685779\" data-element_type=\"container\" data-settings=\"{&quot;background_background&quot;:&quot;classic&quot;}\">\n\t\t<div class=\"elementor-element elementor-element-4407ba77 e-con-full e-flex e-con e-child\" data-id=\"4407ba77\" data-element_type=\"container\" data-settings=\"{&quot;background_background&quot;:&quot;gradient&quot;}\">\n\t\t\t\t<div class=\"elementor-element elementor-element-6a5e28cc elementor-widget elementor-widget-image\" data-id=\"6a5e28cc\" data-element_type=\"widget\" data-widget_type=\"image.default\">\n\t\t\t\t<div class=\"elementor-widget-container\">\n\t\t\t\t\t\t\t\t\t\t\t\t\t\t\t<img loading=\"lazy\" decoding=\"async\" width=\"240\" height=\"285\" src=\"https:\/\/www.szlogic.net\/wp-content\/uploads\/2024\/08\/footer1.png\" class=\"attachment-large size-large wp-image-14321\" alt=\"Contactez LogicThink\" \/>\t\t\t\t\t\t\t\t\t\t\t\t\t\t\t<\/div>\n\t\t\t\t<\/div>\n\t\t\t\t<div class=\"elementor-element elementor-element-41e0e1df elementor-align-center elementor-widget__width-initial elementor-button-link1 elementor-widget elementor-widget-button\" data-id=\"41e0e1df\" data-element_type=\"widget\" data-widget_type=\"button.default\">\n\t\t\t\t<div class=\"elementor-widget-container\">\n\t\t\t\t\t\t\t\t\t<div class=\"elementor-button-wrapper\">\n\t\t\t\t\t<a class=\"elementor-button elementor-size-sm\" role=\"button\">\n\t\t\t\t\t\t<span class=\"elementor-button-content-wrapper\">\n\t\t\t\t\t\t\t\t\t<span class=\"elementor-button-text\">Communication en ligne<\/span>\n\t\t\t\t\t<\/span>\n\t\t\t\t\t<\/a>\n\t\t\t\t<\/div>\n\t\t\t\t\t\t\t\t<\/div>\n\t\t\t\t<\/div>\n\t\t\t\t<\/div>\n\t\t<div class=\"elementor-element elementor-element-d89e6df e-con-full e-flex e-con e-child\" data-id=\"d89e6df\" data-element_type=\"container\" data-settings=\"{&quot;background_background&quot;:&quot;gradient&quot;}\">\n\t\t\t\t<div class=\"elementor-element elementor-element-613c42e7 elementor-widget elementor-widget-image\" data-id=\"613c42e7\" data-element_type=\"widget\" data-widget_type=\"image.default\">\n\t\t\t\t<div class=\"elementor-widget-container\">\n\t\t\t\t\t\t\t\t\t\t\t\t\t\t\t<img loading=\"lazy\" decoding=\"async\" width=\"240\" height=\"196\" src=\"https:\/\/www.szlogic.net\/wp-content\/uploads\/2024\/08\/footer2.png\" class=\"attachment-large size-large wp-image-14322\" alt=\"\u8054\u7cfb\u903b\u8f91\u601d\u6570\u5b57\u79d1\u6280\" \/>\t\t\t\t\t\t\t\t\t\t\t\t\t\t\t<\/div>\n\t\t\t\t<\/div>\n\t\t\t\t<div class=\"elementor-element elementor-element-6966410d elementor-align-center elementor-widget__width-initial elementor-widget elementor-widget-button\" data-id=\"6966410d\" data-element_type=\"widget\" data-widget_type=\"button.default\">\n\t\t\t\t<div class=\"elementor-widget-container\">\n\t\t\t\t\t\t\t\t\t<div class=\"elementor-button-wrapper\">\n\t\t\t\t\t<a class=\"elementor-button elementor-button-link elementor-size-sm\" href=\"#elementor-action%3Aaction%3Dpopup%3Aopen%26settings%3DeyJpZCI6IjczMzMiLCJ0b2dnbGUiOmZhbHNlfQ%3D%3D\">\n\t\t\t\t\t\t<span class=\"elementor-button-content-wrapper\">\n\t\t\t\t\t\t\t\t\t<span class=\"elementor-button-text\">Ajouter un compte WeChat<\/span>\n\t\t\t\t\t<\/span>\n\t\t\t\t\t<\/a>\n\t\t\t\t<\/div>\n\t\t\t\t\t\t\t\t<\/div>\n\t\t\t\t<\/div>\n\t\t\t\t<\/div>\n\t\t<div class=\"elementor-element elementor-element-3ad97375 e-con-full e-flex e-con e-child\" data-id=\"3ad97375\" data-element_type=\"container\">\n\t\t<div class=\"elementor-element elementor-element-38c9c99d e-flex e-con-boxed e-con e-child\" data-id=\"38c9c99d\" data-element_type=\"container\" data-settings=\"{&quot;background_background&quot;:&quot;gradient&quot;}\">\n\t\t\t\t\t<div class=\"e-con-inner\">\n\t\t<div class=\"elementor-element elementor-element-49506b75 e-con-full e-flex e-con e-child\" data-id=\"49506b75\" data-element_type=\"container\">\n\t\t\t\t<\/div>\n\t\t<div class=\"elementor-element elementor-element-696cde25 e-con-full e-flex e-con e-child\" data-id=\"696cde25\" data-element_type=\"container\">\n\t\t\t\t<div class=\"elementor-element elementor-element-35acd915 elementor-widget__width-initial elementor-widget elementor-widget-heading\" data-id=\"35acd915\" data-element_type=\"widget\" data-widget_type=\"heading.default\">\n\t\t\t\t<div class=\"elementor-widget-container\">\n\t\t\t\t\t<p class=\"elementor-heading-title elementor-size-default\">T\u00e9l\u00e9phone<\/p>\t\t\t\t<\/div>\n\t\t\t\t<\/div>\n\t\t\t\t<div class=\"elementor-element elementor-element-74815278 elementor-widget__width-initial elementor-widget elementor-widget-heading\" data-id=\"74815278\" data-element_type=\"widget\" data-widget_type=\"heading.default\">\n\t\t\t\t<div class=\"elementor-widget-container\">\n\t\t\t\t\t<p class=\"elementor-heading-title elementor-size-default\">4000-166-198<\/p>\t\t\t\t<\/div>\n\t\t\t\t<\/div>\n\t\t\t\t<\/div>\n\t\t\t\t\t<\/div>\n\t\t\t\t<\/div>\n\t\t<div class=\"elementor-element elementor-element-251db760 e-con-full e-flex e-con e-child\" data-id=\"251db760\" data-element_type=\"container\" data-settings=\"{&quot;background_background&quot;:&quot;gradient&quot;}\">\n\t\t<div class=\"elementor-element elementor-element-682856a5 e-con-full e-flex e-con e-child\" data-id=\"682856a5\" data-element_type=\"container\">\n\t\t\t\t<\/div>\n\t\t<div class=\"elementor-element elementor-element-10db4cae e-con-full e-flex e-con e-child\" data-id=\"10db4cae\" data-element_type=\"container\">\n\t\t\t\t<div class=\"elementor-element elementor-element-3938932f elementor-widget__width-initial elementor-widget elementor-widget-heading\" data-id=\"3938932f\" data-element_type=\"widget\" data-widget_type=\"heading.default\">\n\t\t\t\t<div class=\"elementor-widget-container\">\n\t\t\t\t\t<p class=\"elementor-heading-title elementor-size-default\">Adresse<\/p>\t\t\t\t<\/div>\n\t\t\t\t<\/div>\n\t\t\t\t<div class=\"elementor-element elementor-element-717fbe62 elementor-widget__width-inherit elementor-widget elementor-widget-heading\" data-id=\"717fbe62\" data-element_type=\"widget\" data-widget_type=\"heading.default\">\n\t\t\t\t<div class=\"elementor-widget-container\">\n\t\t\t\t\t<p class=\"elementor-heading-title elementor-size-default\">\u6df1\u5733\u5e02\u5b9d\u5b89\u533a\u897f\u4e61\u8857\u9053\u56fa\u620d\u793e\u533a\u7ea2\u6e7e\u5546\u52a1\u4e2d\u5fc3D\u5ea7\u4e8c\u5c42<\/p>\t\t\t\t<\/div>\n\t\t\t\t<\/div>\n\t\t\t\t<\/div>\n\t\t\t\t<\/div>\n\t\t<div class=\"elementor-element elementor-element-4fcbcc56 e-con-full e-flex e-con e-child\" data-id=\"4fcbcc56\" data-element_type=\"container\" data-settings=\"{&quot;background_background&quot;:&quot;gradient&quot;}\">\n\t\t<div class=\"elementor-element elementor-element-77feb310 e-con-full e-flex e-con e-child\" data-id=\"77feb310\" data-element_type=\"container\">\n\t\t\t\t<\/div>\n\t\t<div class=\"elementor-element elementor-element-2e46066f e-con-full e-flex e-con e-child\" data-id=\"2e46066f\" data-element_type=\"container\">\n\t\t\t\t<div class=\"elementor-element elementor-element-4edeed9b elementor-widget__width-initial elementor-widget elementor-widget-heading\" data-id=\"4edeed9b\" data-element_type=\"widget\" data-widget_type=\"heading.default\">\n\t\t\t\t<div class=\"elementor-widget-container\">\n\t\t\t\t\t<p class=\"elementor-heading-title elementor-size-default\">Email entreprise<\/p>\t\t\t\t<\/div>\n\t\t\t\t<\/div>\n\t\t\t\t<div class=\"elementor-element elementor-element-44c346e8 elementor-widget__width-initial elementor-widget elementor-widget-heading\" data-id=\"44c346e8\" data-element_type=\"widget\" data-widget_type=\"heading.default\">\n\t\t\t\t<div class=\"elementor-widget-container\">\n\t\t\t\t\t<p class=\"elementor-heading-title elementor-size-default\">info@szlogic.net<\/p>\t\t\t\t<\/div>\n\t\t\t\t<\/div>\n\t\t\t\t<\/div>\n\t\t\t\t<\/div>\n\t\t\t\t<\/div>\n\t\t\t\t<\/div>\n\t\t\t\t<\/div>\n\t\t\t\t<\/div>","protected":false},"excerpt":{"rendered":"<p>WordPress\u7f51\u7ad9\u5c0f\u7a0b\u5e8f\u5f00\u53d1 WordPress Applet development \u903b\u8f91\u601d\u6570\u5b57\u79d1\u6280\u63d0\u4f9b [&hellip;]<\/p>","protected":false},"author":1,"featured_media":0,"parent":0,"menu_order":0,"comment_status":"closed","ping_status":"closed","template":"","meta":{"_acf_changed":false,"site-sidebar-layout":"no-sidebar","site-content-layout":"","ast-site-content-layout":"full-width-container","site-content-style":"default","site-sidebar-style":"default","ast-global-header-display":"","ast-banner-title-visibility":"","ast-main-header-display":"","ast-hfb-above-header-display":"","ast-hfb-below-header-display":"","ast-hfb-mobile-header-display":"","site-post-title":"disabled","ast-breadcrumbs-content":"","ast-featured-img":"disabled","footer-sml-layout":"","ast-disable-related-posts":"","theme-transparent-header-meta":"disabled","adv-header-id-meta":"","stick-header-meta":"","header-above-stick-meta":"","header-main-stick-meta":"","header-below-stick-meta":"","astra-migrate-meta-layouts":"default","ast-page-background-enabled":"default","ast-page-background-meta":{"desktop":{"background-color":"var(--ast-global-color-4)","background-image":"","background-repeat":"repeat","background-position":"center center","background-size":"auto","background-attachment":"scroll","background-type":"","background-media":"","overlay-type":"","overlay-color":"","overlay-opacity":"","overlay-gradient":""},"tablet":{"background-color":"","background-image":"","background-repeat":"repeat","background-position":"center center","background-size":"auto","background-attachment":"scroll","background-type":"","background-media":"","overlay-type":"","overlay-color":"","overlay-opacity":"","overlay-gradient":""},"mobile":{"background-color":"","background-image":"","background-repeat":"repeat","background-position":"center center","background-size":"auto","background-attachment":"scroll","background-type":"","background-media":"","overlay-type":"","overlay-color":"","overlay-opacity":"","overlay-gradient":""}},"ast-content-background-meta":{"desktop":{"background-color":"var(--ast-global-color-5)","background-image":"","background-repeat":"repeat","background-position":"center center","background-size":"auto","background-attachment":"scroll","background-type":"","background-media":"","overlay-type":"","overlay-color":"","overlay-opacity":"","overlay-gradient":""},"tablet":{"background-color":"var(--ast-global-color-5)","background-image":"","background-repeat":"repeat","background-position":"center center","background-size":"auto","background-attachment":"scroll","background-type":"","background-media":"","overlay-type":"","overlay-color":"","overlay-opacity":"","overlay-gradient":""},"mobile":{"background-color":"var(--ast-global-color-5)","background-image":"","background-repeat":"repeat","background-position":"center center","background-size":"auto","background-attachment":"scroll","background-type":"","background-media":"","overlay-type":"","overlay-color":"","overlay-opacity":"","overlay-gradient":""}},"footnotes":""},"class_list":["post-11030","page","type-page","status-publish","hentry"],"acf":[],"_links":{"self":[{"href":"https:\/\/www.szlogic.net\/fr\/wp-json\/wp\/v2\/pages\/11030","targetHints":{"allow":["GET"]}}],"collection":[{"href":"https:\/\/www.szlogic.net\/fr\/wp-json\/wp\/v2\/pages"}],"about":[{"href":"https:\/\/www.szlogic.net\/fr\/wp-json\/wp\/v2\/types\/page"}],"author":[{"embeddable":true,"href":"https:\/\/www.szlogic.net\/fr\/wp-json\/wp\/v2\/users\/1"}],"replies":[{"embeddable":true,"href":"https:\/\/www.szlogic.net\/fr\/wp-json\/wp\/v2\/comments?post=11030"}],"version-history":[{"count":368,"href":"https:\/\/www.szlogic.net\/fr\/wp-json\/wp\/v2\/pages\/11030\/revisions"}],"predecessor-version":[{"id":25040,"href":"https:\/\/www.szlogic.net\/fr\/wp-json\/wp\/v2\/pages\/11030\/revisions\/25040"}],"wp:attachment":[{"href":"https:\/\/www.szlogic.net\/fr\/wp-json\/wp\/v2\/media?parent=11030"}],"curies":[{"name":"wp","href":"https:\/\/api.w.org\/{rel}","templated":true}]}}