{"id":6679,"date":"2023-12-22T16:48:00","date_gmt":"2023-12-22T08:48:00","guid":{"rendered":"https:\/\/www.szlogic.net\/?page_id=6679"},"modified":"2024-01-12T21:59:17","modified_gmt":"2024-01-12T13:59:17","slug":"privacy-policy","status":"publish","type":"page","link":"https:\/\/www.szlogic.net\/es\/privacy-policy\/","title":{"rendered":"Reglamento de privacidad"},"content":{"rendered":"<h1 class=\"wp-block-heading has-text-align-center\">Reglamento de privacidad<\/h1>\n\n\n\n<p>Le damos una cordial bienvenida a szlogic.net (en adelante, este sitio web). Para que pueda usar de manera segura los productos, servicios e informaci\u00f3n de este sitio, le explicamos nuestra pol\u00edtica de protecci\u00f3n de la privacidad para salvaguardar sus derechos. Le solicitamos que lea detenidamente lo siguiente:<\/p>\n\n\n\n<h2 class=\"wp-block-heading\">\u2160 \u00c1mbito de la pol\u00edtica de protecci\u00f3n de privacidad<\/h2>\n\n\n\n<p>El contenido de la pol\u00edtica de protecci\u00f3n de la privacidad incluye c\u00f3mo este sitio web maneja los datos personales identificables recopilados cuando utiliza los servicios del sitio. Esta pol\u00edtica de privacidad no se aplica a sitios web relacionados fuera de este sitio.<\/p>\n\n\n\n<h2 class=\"wp-block-heading\">\u2161 Recolecci\u00f3n, procesamiento y uso de datos personales<\/h2>\n\n\n\n<p>Cuando visite este sitio web o utilice los servicios y funciones que ofrece, le solicitaremos proporcionar los datos personales necesarios seg\u00fan la naturaleza del servicio, y los procesaremos y utilizaremos dentro del alcance de ese prop\u00f3sito espec\u00edfico. Sin su consentimiento por escrito, este sitio web no utilizar\u00e1 sus datos personales para otros fines.<br>Este sitio web conservar\u00e1 su nombre, direcci\u00f3n de correo electr\u00f3nico, datos de contacto y tiempo de uso cuando utilice funciones interactivas como el correo electr\u00f3nico de servicio o encuestas.<br>Durante la navegaci\u00f3n general, el servidor registrar\u00e1 autom\u00e1ticamente las rutas de acceso relacionadas, incluyendo la direcci\u00f3n IP del dispositivo utilizado, el tiempo de uso, el navegador empleado, y los registros de p\u00e1ginas vistas y clics. Esta informaci\u00f3n se utiliza internamente para mejorar nuestros servicios web y no se divulgar\u00e1 externamente.<br>Para ofrecer un servicio preciso, recopilaremos y analizaremos los contenidos de las encuestas. Los resultados del an\u00e1lisis, ya sea en forma de datos estad\u00edsticos o explicaciones, se utilizar\u00e1n para investigaciones internas y, si es necesario, se publicar\u00e1n, pero sin incluir informaci\u00f3n personal espec\u00edfica.<br>Puede solicitarnos en cualquier momento la correcci\u00f3n o eliminaci\u00f3n de los datos personales o informaci\u00f3n de privacidad que hayamos recopilado de su cuenta o de este sitio web. Para m\u00e1s detalles, consulte la informaci\u00f3n de contacto al final de esta p\u00e1gina.<\/p>\n\n\n\n<h2 class=\"wp-block-heading\">\u2162 Protecci\u00f3n de datos<\/h2>\n\n\n\n<p class=\"translation-block\">Los servidores de este sitio web est\u00e1n equipados con cortafuegos, sistemas antivirus y otros dispositivos de seguridad de la informaci\u00f3n, as\u00ed como medidas de protecci\u00f3n necesarias para proteger el sitio web y sus datos personales. Se aplican estrictas medidas de protecci\u00f3n, y solo el personal autorizado tiene acceso a sus datos personales. El personal encargado de este procesamiento ha firmado acuerdos de confidencialidad, y cualquier violaci\u00f3n de esta obligaci\u00f3n de confidencialidad ser\u00e1 sancionada conforme a la ley.  \nSi es necesario contratar a otros proveedores para ofrecer servicios por razones comerciales, este sitio web exigir\u00e1 estrictamente que cumplan con la obligaci\u00f3n de confidencialidad y tomar\u00e1 las medidas de control necesarias para asegurar su cumplimiento.<\/p>\n\n\n\n<h2 class=\"wp-block-heading\">\u2163 Enlaces externos<\/h2>\n\n\n\n<p>Las p\u00e1ginas de este sitio web proporcionan enlaces a otros sitios web. Usted tambi\u00e9n puede acceder a otros sitios web a trav\u00e9s de los enlaces proporcionados en este sitio. Sin embargo, la pol\u00edtica de protecci\u00f3n de privacidad de este sitio no se aplica a los sitios web vinculados, por lo que debe consultar la pol\u00edtica de privacidad de los sitios web enlazados.<\/p>\n\n\n\n<h2 class=\"wp-block-heading\">\u2164 Pol\u00edtica de compartir datos con terceros<\/h2>\n\n\n\n<p>Este sitio web nunca proporcionar\u00e1, intercambiar\u00e1, alquilar\u00e1 ni vender\u00e1 sus datos personales a otras personas, grupos, empresas privadas o autoridades gubernamentales, excepto cuando est\u00e9 basado en la ley.<br>Las situaciones mencionadas en la excepci\u00f3n incluyen, pero no se limitan a:<br>Con su consentimiento por escrito<br>Seg\u00fan lo estipulado por la ley<br>Cuando su comportamiento en el sitio web viole los t\u00e9rminos de servicio o pueda da\u00f1ar o afectar los derechos de otros, lo que cause da\u00f1o a cualquier persona, y tras el an\u00e1lisis de la unidad de gesti\u00f3n de Internet, si es necesario revelar su informaci\u00f3n personal para identificarlo, contactarlo o tomar medidas legales.<\/p>\n\n\n\n<h2 class=\"wp-block-heading\">\u2165 Uso de cookies<\/h2>\n\n\n\n<p>Para ofrecerle el mejor servicio, este sitio web colocar\u00e1 y acceder\u00e1 a nuestras cookies en su computadora. Si no desea aceptar la escritura de cookies, puede configurar el nivel de privacidad de su navegador en alto para rechazar la escritura de cookies, aunque esto puede causar que algunas funciones del sitio web no se ejecuten correctamente.<\/p>\n\n\n\n<h2 class=\"wp-block-heading\">\u2166 Modificaci\u00f3n de la pol\u00edtica de privacidad<\/h2>\n\n\n\n<p>La pol\u00edtica de protecci\u00f3n de la privacidad de este sitio web puede ser modificada en cualquier momento seg\u00fan sea necesario, y los t\u00e9rminos modificados ser\u00e1n publicados en el sitio web.<\/p>\n\n\n\n<h2 class=\"wp-block-heading\">\u2167 Informaci\u00f3n de contacto<\/h2>\n\n\n\n<p>Si tiene alguna pregunta sobre la pol\u00edtica de privacidad de este sitio o desea solicitar cambios o eliminaci\u00f3n de sus datos personales, por favor visite la p\u00e1gina \"Contactar con Logic Thinking\" y env\u00ede el formulario.<\/p>","protected":false},"excerpt":{"rendered":"<p>\u9690\u79c1\u6761\u4f8b \u975e\u5e38\u6b22\u8fce\u8bbf\u95eeszlogic.net\uff08\u4ee5\u4e0b\u7b80\u79f0\u672c\u7f51\u7ad9\uff09\uff0c\u4e3a\u4e86\u8ba9\u60a8\u80fd\u591f\u5b89\u5fc3\u4f7f\u7528\u672c\u7f51\u7ad9\u7684\u5404\u9879\u4ea7\u54c1\u3001\u670d\u52a1\u4e0e\u8d44 [&hellip;]<\/p>","protected":false},"author":1,"featured_media":0,"parent":0,"menu_order":0,"comment_status":"closed","ping_status":"closed","template":"","meta":{"_acf_changed":false,"site-sidebar-layout":"default","site-content-layout":"","ast-site-content-layout":"normal-width-container","site-content-style":"default","site-sidebar-style":"default","ast-global-header-display":"","ast-banner-title-visibility":"","ast-main-header-display":"","ast-hfb-above-header-display":"","ast-hfb-below-header-display":"","ast-hfb-mobile-header-display":"","site-post-title":"","ast-breadcrumbs-content":"","ast-featured-img":"","footer-sml-layout":"","ast-disable-related-posts":"","theme-transparent-header-meta":"disabled","adv-header-id-meta":"","stick-header-meta":"","header-above-stick-meta":"","header-main-stick-meta":"","header-below-stick-meta":"","astra-migrate-meta-layouts":"default","ast-page-background-enabled":"default","ast-page-background-meta":{"desktop":{"background-color":"var(--ast-global-color-4)","background-image":"","background-repeat":"repeat","background-position":"center center","background-size":"auto","background-attachment":"scroll","background-type":"","background-media":"","overlay-type":"","overlay-color":"","overlay-opacity":"","overlay-gradient":""},"tablet":{"background-color":"","background-image":"","background-repeat":"repeat","background-position":"center center","background-size":"auto","background-attachment":"scroll","background-type":"","background-media":"","overlay-type":"","overlay-color":"","overlay-opacity":"","overlay-gradient":""},"mobile":{"background-color":"","background-image":"","background-repeat":"repeat","background-position":"center center","background-size":"auto","background-attachment":"scroll","background-type":"","background-media":"","overlay-type":"","overlay-color":"","overlay-opacity":"","overlay-gradient":""}},"ast-content-background-meta":{"desktop":{"background-color":"var(--ast-global-color-5)","background-image":"","background-repeat":"repeat","background-position":"center center","background-size":"auto","background-attachment":"scroll","background-type":"","background-media":"","overlay-type":"","overlay-color":"","overlay-opacity":"","overlay-gradient":""},"tablet":{"background-color":"var(--ast-global-color-5)","background-image":"","background-repeat":"repeat","background-position":"center center","background-size":"auto","background-attachment":"scroll","background-type":"","background-media":"","overlay-type":"","overlay-color":"","overlay-opacity":"","overlay-gradient":""},"mobile":{"background-color":"var(--ast-global-color-5)","background-image":"","background-repeat":"repeat","background-position":"center center","background-size":"auto","background-attachment":"scroll","background-type":"","background-media":"","overlay-type":"","overlay-color":"","overlay-opacity":"","overlay-gradient":""}},"footnotes":""},"class_list":["post-6679","page","type-page","status-publish","hentry"],"acf":[],"_links":{"self":[{"href":"https:\/\/www.szlogic.net\/es\/wp-json\/wp\/v2\/pages\/6679","targetHints":{"allow":["GET"]}}],"collection":[{"href":"https:\/\/www.szlogic.net\/es\/wp-json\/wp\/v2\/pages"}],"about":[{"href":"https:\/\/www.szlogic.net\/es\/wp-json\/wp\/v2\/types\/page"}],"author":[{"embeddable":true,"href":"https:\/\/www.szlogic.net\/es\/wp-json\/wp\/v2\/users\/1"}],"replies":[{"embeddable":true,"href":"https:\/\/www.szlogic.net\/es\/wp-json\/wp\/v2\/comments?post=6679"}],"version-history":[{"count":10,"href":"https:\/\/www.szlogic.net\/es\/wp-json\/wp\/v2\/pages\/6679\/revisions"}],"predecessor-version":[{"id":8359,"href":"https:\/\/www.szlogic.net\/es\/wp-json\/wp\/v2\/pages\/6679\/revisions\/8359"}],"wp:attachment":[{"href":"https:\/\/www.szlogic.net\/es\/wp-json\/wp\/v2\/media?parent=6679"}],"curies":[{"name":"wp","href":"https:\/\/api.w.org\/{rel}","templated":true}]}}